{"id":44,"date":"2020-05-27T08:43:06","date_gmt":"2020-05-27T08:43:06","guid":{"rendered":"http:\/\/edw.ceit.be\/?page_id=44"},"modified":"2025-01-15T12:37:31","modified_gmt":"2025-01-15T12:37:31","slug":"agenda","status":"publish","type":"page","link":"https:\/\/edw-formation.be\/?page_id=44","title":{"rendered":"Agenda"},"content":{"rendered":"\n<p>Int\u00e9ress\u00e9 par une de nos formations ? Pas de soucis ! Consultez notre calendrier des formations, disponible <a rel=\"noreferrer noopener\" href=\"http:\/\/agenda.edw.ceit.be\" target=\"_blank\">sur cette page<\/a>.<\/p>\n\n\n\n<p>Voici la liste des nouveaux cours planifi\u00e9s \u00e0 l&rsquo;ext\u00e9rieurs \u00e0 Chimay et \u00e0 Barvaux.<\/p>\n\n\n\n<p><\/p>\n\n\n\n<p>Au plaisir de vous y revoir !<\/p>\n\n\n\n<figure class=\"wp-block-image size-large\"><img loading=\"lazy\" width=\"1024\" height=\"574\" src=\"https:\/\/edw-formation.be\/wp-content\/uploads\/2025\/01\/fco-chimay-1024x574.png\" alt=\"\" class=\"wp-image-407\" srcset=\"https:\/\/edw-formation.be\/wp-content\/uploads\/2025\/01\/fco-chimay-1024x574.png 1024w, https:\/\/edw-formation.be\/wp-content\/uploads\/2025\/01\/fco-chimay-300x168.png 300w, https:\/\/edw-formation.be\/wp-content\/uploads\/2025\/01\/fco-chimay-768x430.png 768w, https:\/\/edw-formation.be\/wp-content\/uploads\/2025\/01\/fco-chimay.png 1332w\" sizes=\"(max-width: 1024px) 100vw, 1024px\" \/><\/figure>\n\n\n\n<figure class=\"wp-block-image size-large\"><img loading=\"lazy\" width=\"1024\" height=\"575\" src=\"https:\/\/edw-formation.be\/wp-content\/uploads\/2025\/01\/fco-barvaux-1024x575.png\" alt=\"\" class=\"wp-image-405\" srcset=\"https:\/\/edw-formation.be\/wp-content\/uploads\/2025\/01\/fco-barvaux-1024x575.png 1024w, https:\/\/edw-formation.be\/wp-content\/uploads\/2025\/01\/fco-barvaux-300x169.png 300w, https:\/\/edw-formation.be\/wp-content\/uploads\/2025\/01\/fco-barvaux-768x432.png 768w, https:\/\/edw-formation.be\/wp-content\/uploads\/2025\/01\/fco-barvaux.png 1331w\" sizes=\"(max-width: 1024px) 100vw, 1024px\" \/><\/figure>\n","protected":false},"excerpt":{"rendered":"<p>Int\u00e9ress\u00e9 par une de nos formations ? Pas de soucis ! Consultez notre calendrier des formations, disponible sur cette page. Voici la liste des nouveaux cours planifi\u00e9s \u00e0 l&rsquo;ext\u00e9rieurs \u00e0 Chimay et \u00e0 Barvaux. Au plaisir de vous y revoir !<\/p>\n","protected":false},"author":1,"featured_media":0,"parent":0,"menu_order":0,"comment_status":"closed","ping_status":"closed","template":"","meta":[],"_links":{"self":[{"href":"https:\/\/edw-formation.be\/index.php?rest_route=\/wp\/v2\/pages\/44"}],"collection":[{"href":"https:\/\/edw-formation.be\/index.php?rest_route=\/wp\/v2\/pages"}],"about":[{"href":"https:\/\/edw-formation.be\/index.php?rest_route=\/wp\/v2\/types\/page"}],"author":[{"embeddable":true,"href":"https:\/\/edw-formation.be\/index.php?rest_route=\/wp\/v2\/users\/1"}],"replies":[{"embeddable":true,"href":"https:\/\/edw-formation.be\/index.php?rest_route=%2Fwp%2Fv2%2Fcomments&post=44"}],"version-history":[{"count":5,"href":"https:\/\/edw-formation.be\/index.php?rest_route=\/wp\/v2\/pages\/44\/revisions"}],"predecessor-version":[{"id":410,"href":"https:\/\/edw-formation.be\/index.php?rest_route=\/wp\/v2\/pages\/44\/revisions\/410"}],"wp:attachment":[{"href":"https:\/\/edw-formation.be\/index.php?rest_route=%2Fwp%2Fv2%2Fmedia&parent=44"}],"curies":[{"name":"wp","href":"https:\/\/api.w.org\/{rel}","templated":true}]}}