{"id":29,"date":"2020-05-27T07:48:15","date_gmt":"2020-05-27T07:48:15","guid":{"rendered":"http:\/\/edw.ceit.be\/?page_id=29"},"modified":"2022-01-26T14:44:19","modified_gmt":"2022-01-26T14:44:19","slug":"evenements","status":"publish","type":"page","link":"https:\/\/edw-formation.be\/?page_id=29","title":{"rendered":"Evenements"},"content":{"rendered":"\n<h2 id=\"nos-evenements-a-venir\">Nos \u00e9v\u00e9nements \u00e0 venir :<\/h2>\n\n\n\n<p>Rien de programm\u00e9 pour le moment \u2026<\/p>\n\n\n\n<h2 id=\"nos-evenements-passes\">Nos \u00e9v\u00e9nements pass\u00e9s :<\/h2>\n\n\n\n<p>Nos Salons :<\/p>\n\n\n\n<ul><li><a href=\"?page_id=187\">SALON Bruxelles 2016<\/a><\/li><li><a href=\"?page_id=276\">SALON Bruxelles 2017<\/a><\/li><\/ul>\n\n\n\n<p>Nos \u00e9v\u00e9nements Truck Show<\/p>\n\n\n\n<ul><li><a href=\"?page_id=214\">Truck Show 2016<\/a><\/li><li><a href=\"?page_id=279\">Truck Show 2017 (Ciney)<\/a><\/li><li><a href=\"?page_id=281\">Truck Show 2017<\/a><\/li><li><a href=\"?page_id=283\">Truck Show 2018<\/a><\/li><\/ul>\n","protected":false},"excerpt":{"rendered":"<p>Nos \u00e9v\u00e9nements \u00e0 venir : Rien de programm\u00e9 pour le moment \u2026 Nos \u00e9v\u00e9nements pass\u00e9s : Nos Salons : SALON Bruxelles 2016 SALON Bruxelles 2017 Nos \u00e9v\u00e9nements Truck Show Truck Show 2016 Truck Show 2017 (Ciney) Truck Show 2017 Truck Show 2018<\/p>\n","protected":false},"author":1,"featured_media":0,"parent":0,"menu_order":0,"comment_status":"closed","ping_status":"closed","template":"","meta":[],"_links":{"self":[{"href":"https:\/\/edw-formation.be\/index.php?rest_route=\/wp\/v2\/pages\/29"}],"collection":[{"href":"https:\/\/edw-formation.be\/index.php?rest_route=\/wp\/v2\/pages"}],"about":[{"href":"https:\/\/edw-formation.be\/index.php?rest_route=\/wp\/v2\/types\/page"}],"author":[{"embeddable":true,"href":"https:\/\/edw-formation.be\/index.php?rest_route=\/wp\/v2\/users\/1"}],"replies":[{"embeddable":true,"href":"https:\/\/edw-formation.be\/index.php?rest_route=%2Fwp%2Fv2%2Fcomments&post=29"}],"version-history":[{"count":16,"href":"https:\/\/edw-formation.be\/index.php?rest_route=\/wp\/v2\/pages\/29\/revisions"}],"predecessor-version":[{"id":396,"href":"https:\/\/edw-formation.be\/index.php?rest_route=\/wp\/v2\/pages\/29\/revisions\/396"}],"wp:attachment":[{"href":"https:\/\/edw-formation.be\/index.php?rest_route=%2Fwp%2Fv2%2Fmedia&parent=29"}],"curies":[{"name":"wp","href":"https:\/\/api.w.org\/{rel}","templated":true}]}}