{"id":22,"date":"2020-05-27T07:46:59","date_gmt":"2020-05-27T07:46:59","guid":{"rendered":"http:\/\/edw.ceit.be\/?page_id=22"},"modified":"2020-10-01T15:24:56","modified_gmt":"2020-10-01T15:24:56","slug":"formations-cariste","status":"publish","type":"page","link":"https:\/\/edw-formation.be\/?page_id=22","title":{"rendered":"Formations CARISTE"},"content":{"rendered":"\n<h3>Lieux de formations<\/h3>\n\n\n\n<p>Nous sommes un centre agr\u00e9\u00e9 pour la formation cariste initiale &amp; recyclage.<\/p>\n\n\n\n<p>Nous avons cr\u00e9\u00e9 pour vous un centre accueillant, afin de vous permettre de venir suivre des formations th\u00e9oriques et pratiques donn\u00e9es par un formateur issu du secteur.<\/p>\n\n\n\n<p>La disposition des salles et de leurs acc\u00e8s est le fruit d\u2019une longue r\u00e9flexion, tout est mis en oeuvre pour cr\u00e9er une atmosph\u00e8re empreinte de s\u00e9r\u00e9nit\u00e9 propice \u00e0 l\u2019apprentissage.<\/p>\n\n\n\n<p>Toutes les salles b\u00e9n\u00e9ficient d\u2019un environnement multim\u00e9dia. On y retrouve des r\u00e9troprojecteurs directs, des tableaux interactifs et une connection Wi-Fi.<\/p>\n\n\n\n<p>Tout est mis en place pour offrir les outils les plus performants en terme d\u2019apprentissage.<\/p>\n\n\n\n<h1>Formation Cariste initiale et Recyclage<\/h1>\n\n\n\n<div class=\"wp-block-columns d-flex\">\n<div class=\"wp-block-column\" style=\"flex-basis:50%\">\n<figure class=\"wp-block-embed-youtube wp-block-embed is-type-video is-provider-youtube wp-embed-aspect-16-9 wp-has-aspect-ratio EDW_IMG_CONTENT\"><div class=\"wp-block-embed__wrapper\">\n<iframe loading=\"lazy\" title=\"EDW Formations - Bienvenue\" width=\"500\" height=\"281\" src=\"https:\/\/www.youtube.com\/embed\/db-NXBzpMJs?feature=oembed\" frameborder=\"0\" allow=\"accelerometer; autoplay; clipboard-write; encrypted-media; gyroscope; picture-in-picture\" allowfullscreen><\/iframe>\n<\/div><\/figure>\n\n\n\n<p><\/p>\n<\/div>\n\n\n\n<div class=\"wp-block-column EDW_BLOC_PADDING\" style=\"flex-basis:66.66%\">\n<h3>Objectif du cours :<\/h3>\n\n\n\n<p>Aider le cariste \u00e0 mieux conna\u00eetre son outil de travail et ses possibilit\u00e9s afin de pr\u00e9venir les dommages et les d\u00e9gradations mat\u00e9rielles.<\/p>\n\n\n\n<ul><li>Pr\u00e9venir les risques d\u2019accidents de travail et am\u00e9liorer la s\u00e9curit\u00e9.<\/li><li>Am\u00e9liorer la productivit\u00e9, la rentabilit\u00e9, l\u2019efficacit\u00e9 de la manutention,<br>de l\u2019entreposage et du chargement<\/li><\/ul>\n\n\n\n<p><\/p>\n<\/div>\n<\/div>\n\n\n\n<h2>Sommaire du cours :<\/h2>\n\n\n\n<ul><li>M\u00e9thodologie :<ul><li>Axer sur le v\u00e9cu des personnes et leurs besoins sp\u00e9cifiques<\/li><li>Liaison permanente entre la PRATIQUE et la THEORIE<\/li><li>Aides audiovisuelles<\/li><li>Mises en situation sur 2 types de chariots (\u00e9lectrique et thermique)<\/li><\/ul><\/li><\/ul>\n\n\n\n<ul><li>Programme :<ul><li>Th\u00e9orie<\/li><li>Fonction de cariste<\/li><li>Poste de s\u00e9curit\u00e9 (exigences)<\/li><li>Responsabilit\u00e9s g\u00e9n\u00e9rales et professionnelles<\/li><li>Consignes de s\u00e9curit\u00e9<\/li><li>Fautes graves (interdiction)<\/li><li>Prise de poste<\/li><li>Centre de gravit\u00e9 et diagramme de charge<\/li><li>Basculements frontaux et lat\u00e9raux<\/li><li>Point pivot (3 et 4 roues)<\/li><li>Danger d\u2019utilisation des batteries (chariot \u00e9lectrique)<\/li><li>Pratique<\/li><li>Exercices de circulation \u00e0 vide<\/li><li>Exercices de circulation en charge<\/li><li>Exercices de gerbage<\/li><\/ul><\/li><\/ul>\n\n\n\n<ul><li>Mode d\u2019organisation<ul><li>Cours individuel<\/li><li>Cours collectif<\/li><li>Mise en situation professionnelle<\/li><\/ul><\/li><\/ul>\n\n\n\n<ul><li>Pr\u00e9-requis<ul><li>Homme ou Femme<\/li><li>18 ans accomplis<\/li><li>Aptitudes m\u00e9dicales \u00e0 la conduite d\u2019un chariot de manutention<\/li><\/ul><\/li><\/ul>\n\n\n\n<ul><li>Finalit\u00e9 : Au terme de la formation un cariste doit pouvoir:<ul><li>Conduire un chariot \u00e9l\u00e9vateur en respectant les r\u00e8gles de s\u00e9curit\u00e9<\/li><li>Conduire un chariot \u00e9l\u00e9vateur en respectant les r\u00e8gles de bon fonctionnement du mat\u00e9riel<\/li><li>Conduire un chariot \u00e9l\u00e9vateur en respectant un certain niveau de productivit\u00e9<\/li><\/ul><\/li><\/ul>\n\n\n\n<h2>Brochure de pr\u00e9sentation<\/h2>\n\n\n\n<p>Consultez notre pr\u00e9sentation : <a href=\"\/wp-content\/uploads\/2020\/09\/fiche-cariste-interactive.pdf\" target=\"_blank\" rel=\"noreferrer noopener\">Formation Cariste<\/a><\/p>\n\n\n\n<h2>Informations et disponibilit\u00e9s<\/h2>\n\n\n\n<p>Vous souhaitez plus d&rsquo;informations, ou encore conna\u00eetre les dates de formations pr\u00e9vues ? Consultez notre <a href=\"\/index.php\/agenda\/\">agenda<\/a> !<\/p>\n\n\n\n<p>Pour plus d&rsquo;informations : <a href=\"\/index.php\/contacts\/\">contactez-nous<\/a> !<\/p>\n","protected":false},"excerpt":{"rendered":"<p>Lieux de formations Nous sommes un centre agr\u00e9\u00e9 pour la formation cariste initiale &amp; recyclage. Nous avons cr\u00e9\u00e9 pour vous un centre accueillant, afin de vous permettre de venir suivre des formations th\u00e9oriques et pratiques donn\u00e9es par un formateur issu du secteur. La disposition des salles et de leurs acc\u00e8s est le fruit d\u2019une longue [&hellip;]<\/p>\n","protected":false},"author":1,"featured_media":0,"parent":0,"menu_order":0,"comment_status":"closed","ping_status":"closed","template":"","meta":[],"_links":{"self":[{"href":"https:\/\/edw-formation.be\/index.php?rest_route=\/wp\/v2\/pages\/22"}],"collection":[{"href":"https:\/\/edw-formation.be\/index.php?rest_route=\/wp\/v2\/pages"}],"about":[{"href":"https:\/\/edw-formation.be\/index.php?rest_route=\/wp\/v2\/types\/page"}],"author":[{"embeddable":true,"href":"https:\/\/edw-formation.be\/index.php?rest_route=\/wp\/v2\/users\/1"}],"replies":[{"embeddable":true,"href":"https:\/\/edw-formation.be\/index.php?rest_route=%2Fwp%2Fv2%2Fcomments&post=22"}],"version-history":[{"count":10,"href":"https:\/\/edw-formation.be\/index.php?rest_route=\/wp\/v2\/pages\/22\/revisions"}],"predecessor-version":[{"id":379,"href":"https:\/\/edw-formation.be\/index.php?rest_route=\/wp\/v2\/pages\/22\/revisions\/379"}],"wp:attachment":[{"href":"https:\/\/edw-formation.be\/index.php?rest_route=%2Fwp%2Fv2%2Fmedia&parent=22"}],"curies":[{"name":"wp","href":"https:\/\/api.w.org\/{rel}","templated":true}]}}